{"id":14,"date":"2016-12-12T19:58:35","date_gmt":"2016-12-12T19:58:35","guid":{"rendered":"http:\/\/pelsut.fi\/?page_id=14"},"modified":"2025-02-13T13:30:24","modified_gmt":"2025-02-13T13:30:24","slug":"yhteystiedot","status":"publish","type":"page","link":"https:\/\/safe-team.fi\/?page_id=14","title":{"rendered":"Yhteystiedot"},"content":{"rendered":"<h3>Vantaan Safe-Team Solutions Oy<\/h3>\n<p>Hirvastie 27<\/p>\n<p>01450 Vantaa<\/p>\n<pre>p. 050 307 7829<\/pre>\n<p>y-tunnus 2671104-6<\/p>\n<h4>Tarjouspyynn\u00f6t ja tiedustelut info@safe-team.fi<\/h4>\n<h3>Henkil\u00f6st\u00f6:<\/h3>\n<p>Eero Salminen<\/p>\n<p>Toimitusjohtaja<\/p>\n<p>p. 0500 451 249<\/p>\n<p>eero.salminen@safe-team.fi<\/p>\n<p>Lauri Salminen<\/p>\n<p>Turvallisuusasiantuntija<\/p>\n<p>p. 050 307 7829<\/p>\n<p>lauri.salminen@safe-team.fi<\/p>\n<p>Ville Salminen<\/p>\n<p>Turvallisuusasiantuntija<\/p>\n<p>p. 050 414 5929<\/p>\n<p>ville.salminen@safe-team.fi<\/p>\n","protected":false},"excerpt":{"rendered":"<p>Vantaan Safe-Team Solutions Oy Hirvastie 27 01450 Vantaa p. 050 307 7829 y-tunnus 2671104-6 Tarjouspyynn\u00f6t ja tiedustelut info@safe-team.fi Henkil\u00f6st\u00f6: Eero Salminen Toimitusjohtaja p. 0500 451 249 eero.salminen@safe-team.fi Lauri Salminen Turvallisuusasiantuntija p. 050 307 7829 lauri.salminen@safe-team.fi Ville Salminen Turvallisuusasiantuntija p. 050 414 5929 ville.salminen@safe-team.fi<\/p>\n","protected":false},"author":1,"featured_media":0,"parent":0,"menu_order":0,"comment_status":"closed","ping_status":"closed","template":"","meta":{"footnotes":""},"_links":{"self":[{"href":"https:\/\/safe-team.fi\/index.php?rest_route=\/wp\/v2\/pages\/14"}],"collection":[{"href":"https:\/\/safe-team.fi\/index.php?rest_route=\/wp\/v2\/pages"}],"about":[{"href":"https:\/\/safe-team.fi\/index.php?rest_route=\/wp\/v2\/types\/page"}],"author":[{"embeddable":true,"href":"https:\/\/safe-team.fi\/index.php?rest_route=\/wp\/v2\/users\/1"}],"replies":[{"embeddable":true,"href":"https:\/\/safe-team.fi\/index.php?rest_route=%2Fwp%2Fv2%2Fcomments&post=14"}],"version-history":[{"count":15,"href":"https:\/\/safe-team.fi\/index.php?rest_route=\/wp\/v2\/pages\/14\/revisions"}],"predecessor-version":[{"id":299,"href":"https:\/\/safe-team.fi\/index.php?rest_route=\/wp\/v2\/pages\/14\/revisions\/299"}],"wp:attachment":[{"href":"https:\/\/safe-team.fi\/index.php?rest_route=%2Fwp%2Fv2%2Fmedia&parent=14"}],"curies":[{"name":"wp","href":"https:\/\/api.w.org\/{rel}","templated":true}]}}