{"id":158,"date":"2017-01-13T09:30:26","date_gmt":"2017-01-13T09:30:26","guid":{"rendered":"http:\/\/pelsut.fi\/?page_id=158"},"modified":"2017-09-18T09:56:34","modified_gmt":"2017-09-18T09:56:34","slug":"piirustukset","status":"publish","type":"page","link":"https:\/\/safe-team.fi\/?page_id=158","title":{"rendered":"Opastepiirustukset"},"content":{"rendered":"<p>Turvaopastepiirustukset laaditaan usein vaativiin yrityksiin ja laitoksin, jossa poistuminen edellytt\u00e4\u00e4 selke\u00e4\u00e4 opastusta.<\/p>\n<p>&nbsp;<\/p>\n<p><img loading=\"lazy\" decoding=\"async\" class=\" wp-image-283 alignnone\" src=\"http:\/\/safe-team.fi\/wp-content\/uploads\/2017\/09\/Turvaopastepiirustus_malli-300x201.jpg\" alt=\"\" width=\"472\" height=\"316\" srcset=\"https:\/\/safe-team.fi\/wp-content\/uploads\/2017\/09\/Turvaopastepiirustus_malli-300x201.jpg 300w, https:\/\/safe-team.fi\/wp-content\/uploads\/2017\/09\/Turvaopastepiirustus_malli-768x514.jpg 768w, https:\/\/safe-team.fi\/wp-content\/uploads\/2017\/09\/Turvaopastepiirustus_malli-1024x685.jpg 1024w\" sizes=\"(max-width: 472px) 100vw, 472px\" \/><\/p>\n","protected":false},"excerpt":{"rendered":"<p>Turvaopastepiirustukset laaditaan usein vaativiin yrityksiin ja laitoksin, jossa poistuminen edellytt\u00e4\u00e4 selke\u00e4\u00e4 opastusta. &nbsp;<\/p>\n","protected":false},"author":1,"featured_media":48,"parent":43,"menu_order":0,"comment_status":"closed","ping_status":"closed","template":"","meta":{"footnotes":""},"_links":{"self":[{"href":"https:\/\/safe-team.fi\/index.php?rest_route=\/wp\/v2\/pages\/158"}],"collection":[{"href":"https:\/\/safe-team.fi\/index.php?rest_route=\/wp\/v2\/pages"}],"about":[{"href":"https:\/\/safe-team.fi\/index.php?rest_route=\/wp\/v2\/types\/page"}],"author":[{"embeddable":true,"href":"https:\/\/safe-team.fi\/index.php?rest_route=\/wp\/v2\/users\/1"}],"replies":[{"embeddable":true,"href":"https:\/\/safe-team.fi\/index.php?rest_route=%2Fwp%2Fv2%2Fcomments&post=158"}],"version-history":[{"count":4,"href":"https:\/\/safe-team.fi\/index.php?rest_route=\/wp\/v2\/pages\/158\/revisions"}],"predecessor-version":[{"id":285,"href":"https:\/\/safe-team.fi\/index.php?rest_route=\/wp\/v2\/pages\/158\/revisions\/285"}],"up":[{"embeddable":true,"href":"https:\/\/safe-team.fi\/index.php?rest_route=\/wp\/v2\/pages\/43"}],"wp:featuredmedia":[{"embeddable":true,"href":"https:\/\/safe-team.fi\/index.php?rest_route=\/wp\/v2\/media\/48"}],"wp:attachment":[{"href":"https:\/\/safe-team.fi\/index.php?rest_route=%2Fwp%2Fv2%2Fmedia&parent=158"}],"curies":[{"name":"wp","href":"https:\/\/api.w.org\/{rel}","templated":true}]}}