{"id":191,"date":"2017-02-16T09:44:21","date_gmt":"2017-02-16T09:44:21","guid":{"rendered":"http:\/\/pelsut.fi\/?page_id=191"},"modified":"2017-02-16T09:44:27","modified_gmt":"2017-02-16T09:44:27","slug":"turvallisuusselvitys","status":"publish","type":"page","link":"https:\/\/safe-team.fi\/?page_id=191","title":{"rendered":"Kiinteist\u00f6jen turvallisuusselvitykset"},"content":{"rendered":"<p>Turvallisuusselvitys laaditaan kohteisiin, joissa henkil\u00f6turvallisuus vaatii erityist\u00e4 selvityst\u00e4. Useimmiten selvitykset tehd\u00e4\u00e4n hoiva-alan kohteisiin.<\/p>\n<p>Turvallisuusselvityksen avulla mitoitetaan kiinteist\u00f6jen turvaj\u00e4rjestelm\u00e4t sek\u00e4 toimintaohjeet k\u00e4ytt\u00e4j\u00e4kunnan vaatimusten ja suorituskyvyn mukaiseksi.<\/p>\n","protected":false},"excerpt":{"rendered":"<p>Turvallisuusselvitys laaditaan kohteisiin, joissa henkil\u00f6turvallisuus vaatii erityist\u00e4 selvityst\u00e4. Useimmiten selvitykset tehd\u00e4\u00e4n hoiva-alan kohteisiin. Turvallisuusselvityksen avulla mitoitetaan kiinteist\u00f6jen turvaj\u00e4rjestelm\u00e4t sek\u00e4 toimintaohjeet k\u00e4ytt\u00e4j\u00e4kunnan vaatimusten ja suorituskyvyn mukaiseksi.<\/p>\n","protected":false},"author":1,"featured_media":0,"parent":43,"menu_order":0,"comment_status":"closed","ping_status":"closed","template":"","meta":{"footnotes":""},"_links":{"self":[{"href":"https:\/\/safe-team.fi\/index.php?rest_route=\/wp\/v2\/pages\/191"}],"collection":[{"href":"https:\/\/safe-team.fi\/index.php?rest_route=\/wp\/v2\/pages"}],"about":[{"href":"https:\/\/safe-team.fi\/index.php?rest_route=\/wp\/v2\/types\/page"}],"author":[{"embeddable":true,"href":"https:\/\/safe-team.fi\/index.php?rest_route=\/wp\/v2\/users\/1"}],"replies":[{"embeddable":true,"href":"https:\/\/safe-team.fi\/index.php?rest_route=%2Fwp%2Fv2%2Fcomments&post=191"}],"version-history":[{"count":1,"href":"https:\/\/safe-team.fi\/index.php?rest_route=\/wp\/v2\/pages\/191\/revisions"}],"predecessor-version":[{"id":192,"href":"https:\/\/safe-team.fi\/index.php?rest_route=\/wp\/v2\/pages\/191\/revisions\/192"}],"up":[{"embeddable":true,"href":"https:\/\/safe-team.fi\/index.php?rest_route=\/wp\/v2\/pages\/43"}],"wp:attachment":[{"href":"https:\/\/safe-team.fi\/index.php?rest_route=%2Fwp%2Fv2%2Fmedia&parent=191"}],"curies":[{"name":"wp","href":"https:\/\/api.w.org\/{rel}","templated":true}]}}