{"id":32,"date":"2016-12-12T20:21:01","date_gmt":"2016-12-12T20:21:01","guid":{"rendered":"http:\/\/pelsut.fi\/?page_id=32"},"modified":"2024-01-14T17:23:54","modified_gmt":"2024-01-14T17:23:54","slug":"vaestonsuoja","status":"publish","type":"page","link":"https:\/\/safe-team.fi\/?page_id=32","title":{"rendered":"V\u00e4est\u00f6nsuojien tiiveyskokeet ja tarkastukset"},"content":{"rendered":"<p>Pelastuslain (379\/2011) mukaan v\u00e4est\u00f6nsuojan varusteet ja laitteet tulee pit\u00e4\u00e4 toimintakunnossa sek\u00e4 huollettava ja tarkastettava asianmukaisesti siten, ett\u00e4 v\u00e4est\u00f6nsuoja voidaan ottaa k\u00e4ytt\u00f6\u00f6n 72 tunnissa.<\/p>\n<p>Sis\u00e4ministeri\u00f6n asetus v\u00e4est\u00f6nsuojan teknisist\u00e4 vaatimuksista ja v\u00e4est\u00f6nsuojista ja laitteiden kunnossapidosta (506\/2011) mukaan <strong>v\u00e4est\u00f6nsuojassa tulee v\u00e4hint\u00e4\u00e4n kymmenen vuoden v\u00e4lein suorittaa tiiveyskoe, <\/strong>josta tulee laatia p\u00f6yt\u00e4kirja pelastusviranomaisia varten.<\/p>\n<p>Suomen Pelastusalan Keskusliiton (SPEK) mukaan v\u00e4est\u00f6nsuoja tulisi huoltaa vuosittain, jolloin tarkastetaan laitteiden toimivuus ja kunto, koek\u00e4ytet\u00e4\u00e4n laitteisto, tarkastetaan suojan tiivisteiden kunto sek\u00e4 suojan varusteiden tarvittavat p\u00e4ivitt\u00e4miset.<\/p>\n<p>Tarkastuksista laaditaan raportit, jotka toimitetaan ty\u00f6n tilaajalle sek\u00e4 kiinteist\u00f6\u00f6n. Kiinteist\u00f6\u00f6n toimitetaan lis\u00e4ksi v\u00e4est\u00f6nsuojan huoltop\u00e4iv\u00e4kirja, johon vuosittaiset koek\u00e4yt\u00f6t tulisi merkit\u00e4.<\/p>\n<p>Meilt\u00e4 saat my\u00f6s\u00a0kaikki <a href=\"http:\/\/www.pelsut.fi\/vssvarusteet\">v\u00e4est\u00f6nsuojien materiaalit ja tarvikkeet.<\/a><\/p>\n<p><img loading=\"lazy\" decoding=\"async\" class=\"size-medium wp-image-250 alignleft\" src=\"http:\/\/pelsut.fi\/wp-content\/uploads\/2017\/03\/v\u00e4est\u00f6nsuojan-ovet1-300x225.jpg\" alt=\"\" width=\"300\" height=\"225\" srcset=\"https:\/\/safe-team.fi\/wp-content\/uploads\/2017\/03\/v\u00e4est\u00f6nsuojan-ovet1-300x225.jpg 300w, https:\/\/safe-team.fi\/wp-content\/uploads\/2017\/03\/v\u00e4est\u00f6nsuojan-ovet1.jpg 653w\" sizes=\"(max-width: 300px) 100vw, 300px\" \/><img loading=\"lazy\" decoding=\"async\" class=\"size-medium wp-image-249 alignleft\" src=\"http:\/\/pelsut.fi\/wp-content\/uploads\/2017\/03\/V\u00e4est\u00f6nsuojalaitteisto2-300x225.jpg\" alt=\"\" width=\"300\" height=\"225\" srcset=\"https:\/\/safe-team.fi\/wp-content\/uploads\/2017\/03\/V\u00e4est\u00f6nsuojalaitteisto2-300x225.jpg 300w, https:\/\/safe-team.fi\/wp-content\/uploads\/2017\/03\/V\u00e4est\u00f6nsuojalaitteisto2.jpg 549w\" sizes=\"(max-width: 300px) 100vw, 300px\" \/><\/p>\n<h4>Tarjouspyynn\u00f6t ja tiedustelut\u00a0v\u00e4est\u00f6nsuojiin liittyen.<\/h4>\n<h4>Lauri Salminen<\/h4>\n<h4>p.\u00a0050 307 7829<\/h4>\n<h4><a href=\"mailto:lauri.salminen@safe-team.fi\">lauri.salminen@safe-team.fi<\/a><\/h4>\n","protected":false},"excerpt":{"rendered":"<p>Pelastuslain (379\/2011) mukaan v\u00e4est\u00f6nsuojan varusteet ja laitteet tulee pit\u00e4\u00e4 toimintakunnossa sek\u00e4 huollettava ja tarkastettava asianmukaisesti siten, ett\u00e4 v\u00e4est\u00f6nsuoja voidaan ottaa k\u00e4ytt\u00f6\u00f6n 72 tunnissa. Sis\u00e4ministeri\u00f6n asetus v\u00e4est\u00f6nsuojan teknisist\u00e4 vaatimuksista ja v\u00e4est\u00f6nsuojista ja laitteiden kunnossapidosta (506\/2011) mukaan v\u00e4est\u00f6nsuojassa tulee v\u00e4hint\u00e4\u00e4n kymmenen vuoden v\u00e4lein suorittaa tiiveyskoe, josta tulee laatia p\u00f6yt\u00e4kirja pelastusviranomaisia varten. Suomen Pelastusalan Keskusliiton (SPEK) mukaan v\u00e4est\u00f6nsuoja [&hellip;]<\/p>\n","protected":false},"author":1,"featured_media":0,"parent":0,"menu_order":0,"comment_status":"closed","ping_status":"closed","template":"","meta":{"footnotes":""},"_links":{"self":[{"href":"https:\/\/safe-team.fi\/index.php?rest_route=\/wp\/v2\/pages\/32"}],"collection":[{"href":"https:\/\/safe-team.fi\/index.php?rest_route=\/wp\/v2\/pages"}],"about":[{"href":"https:\/\/safe-team.fi\/index.php?rest_route=\/wp\/v2\/types\/page"}],"author":[{"embeddable":true,"href":"https:\/\/safe-team.fi\/index.php?rest_route=\/wp\/v2\/users\/1"}],"replies":[{"embeddable":true,"href":"https:\/\/safe-team.fi\/index.php?rest_route=%2Fwp%2Fv2%2Fcomments&post=32"}],"version-history":[{"count":25,"href":"https:\/\/safe-team.fi\/index.php?rest_route=\/wp\/v2\/pages\/32\/revisions"}],"predecessor-version":[{"id":295,"href":"https:\/\/safe-team.fi\/index.php?rest_route=\/wp\/v2\/pages\/32\/revisions\/295"}],"wp:attachment":[{"href":"https:\/\/safe-team.fi\/index.php?rest_route=%2Fwp%2Fv2%2Fmedia&parent=32"}],"curies":[{"name":"wp","href":"https:\/\/api.w.org\/{rel}","templated":true}]}}