{"id":63,"date":"2016-12-12T21:47:08","date_gmt":"2016-12-12T21:47:08","guid":{"rendered":"http:\/\/pelsut.fi\/?page_id=63"},"modified":"2017-03-17T10:38:58","modified_gmt":"2017-03-17T10:38:58","slug":"pelastussuunnitelma","status":"publish","type":"page","link":"https:\/\/safe-team.fi\/?page_id=63","title":{"rendered":"Pelastussuunnitelmat"},"content":{"rendered":"<p>Laatimamme pelastussuunnitelma toimitetaan tilaajalle muokattavassa DOC\/PDF -muodossa, jolloin kiinteist\u00f6n tietojen p\u00e4ivitt\u00e4minen onnistuu suoraan dokumenttiin- <strong>Ilman vuosimaksuja.<\/strong><\/p>\n<div><\/div>\n<p>Pelastussuunnitelma on asiantuntijan laatima.\u00a0Pelastussuunnitelma t\u00e4ytt\u00e4\u00e4 pelastuslain (379\/2011) sek\u00e4 valtioneuvoston asetus pelastustoimesta (407\/2011) vaatimukset.<\/p>\n<div><\/div>\n<p>Liikekiinteist\u00f6jen pelastussuunnitelmaan sis\u00e4ltyy koulutustilaisuus turvallisuushenkil\u00f6st\u00f6lle.<\/p>\n<div><\/div>\n<div><\/div>\n<p>Pelastussuunnitelma tulee lakis\u00e4\u00e4teisesti laatia mm.\u00a0seuraaviin kohteisiin:<\/p>\n<ul>\n<li>Asuinrakennuksiin, joissa on <strong>v\u00e4hint\u00e4\u00e4n kolme asuinhuoneistoa<\/strong><\/li>\n<li>Ty\u00f6paikkatiloihin, joissa ty\u00f6ntekij\u00f6iden ja samanaikaisesti paikalla olevien muiden ihmisten m\u00e4\u00e4r\u00e4 on <strong>yleens\u00e4 v\u00e4hint\u00e4\u00e4n 50<\/strong><\/li>\n<li>Ravintoloihin ja vastaaviin tiloihin, joissa <strong>yli 50 asiakaspaikkaa<\/strong><\/li>\n<li>Myym\u00e4l\u00f6ihin jotka ovat pinta-alaltaan <strong>yli 400 neli\u00f6metri\u00e4<\/strong><\/li>\n<\/ul>\n<div><\/div>\n<p>&nbsp;<\/p>\n<p>Valmistelemme my\u00f6s pelastussuunnitelman jakamista s\u00e4hk\u00f6isesti k\u00e4ytt\u00e4jille.<\/p>\n<p>&nbsp;<\/p>\n<h4>Tarjouspyynn\u00f6t ja tiedustelut pelastussuunnitelmiin liittyen.<\/h4>\n<h4>Eero Salminen<\/h4>\n<h4>p. 0500 451 249<\/h4>\n<p><a href=\"mailto:eero.salminen@safe-team.fi\">eero.salminen@safe-team.fi<\/a><\/p>\n<p>&nbsp;<\/p>\n","protected":false},"excerpt":{"rendered":"<p>Laatimamme pelastussuunnitelma toimitetaan tilaajalle muokattavassa DOC\/PDF -muodossa, jolloin kiinteist\u00f6n tietojen p\u00e4ivitt\u00e4minen onnistuu suoraan dokumenttiin- Ilman vuosimaksuja. Pelastussuunnitelma on asiantuntijan laatima.\u00a0Pelastussuunnitelma t\u00e4ytt\u00e4\u00e4 pelastuslain (379\/2011) sek\u00e4 valtioneuvoston asetus pelastustoimesta (407\/2011) vaatimukset. Liikekiinteist\u00f6jen pelastussuunnitelmaan sis\u00e4ltyy koulutustilaisuus turvallisuushenkil\u00f6st\u00f6lle. Pelastussuunnitelma tulee lakis\u00e4\u00e4teisesti laatia mm.\u00a0seuraaviin kohteisiin: Asuinrakennuksiin, joissa on v\u00e4hint\u00e4\u00e4n kolme asuinhuoneistoa Ty\u00f6paikkatiloihin, joissa ty\u00f6ntekij\u00f6iden ja samanaikaisesti paikalla olevien muiden ihmisten [&hellip;]<\/p>\n","protected":false},"author":1,"featured_media":0,"parent":0,"menu_order":0,"comment_status":"closed","ping_status":"closed","template":"","meta":{"footnotes":""},"_links":{"self":[{"href":"https:\/\/safe-team.fi\/index.php?rest_route=\/wp\/v2\/pages\/63"}],"collection":[{"href":"https:\/\/safe-team.fi\/index.php?rest_route=\/wp\/v2\/pages"}],"about":[{"href":"https:\/\/safe-team.fi\/index.php?rest_route=\/wp\/v2\/types\/page"}],"author":[{"embeddable":true,"href":"https:\/\/safe-team.fi\/index.php?rest_route=\/wp\/v2\/users\/1"}],"replies":[{"embeddable":true,"href":"https:\/\/safe-team.fi\/index.php?rest_route=%2Fwp%2Fv2%2Fcomments&post=63"}],"version-history":[{"count":13,"href":"https:\/\/safe-team.fi\/index.php?rest_route=\/wp\/v2\/pages\/63\/revisions"}],"predecessor-version":[{"id":279,"href":"https:\/\/safe-team.fi\/index.php?rest_route=\/wp\/v2\/pages\/63\/revisions\/279"}],"wp:attachment":[{"href":"https:\/\/safe-team.fi\/index.php?rest_route=%2Fwp%2Fv2%2Fmedia&parent=63"}],"curies":[{"name":"wp","href":"https:\/\/api.w.org\/{rel}","templated":true}]}}